{"id":792,"date":"2015-05-28T18:36:39","date_gmt":"2015-05-28T16:36:39","guid":{"rendered":"http:\/\/www.grumserhof.com\/?page_id=792"},"modified":"2021-06-20T15:24:55","modified_gmt":"2021-06-20T13:24:55","slug":"colofone","status":"publish","type":"page","link":"https:\/\/www.grumserhof.com\/it\/colofone\/","title":{"rendered":"Colofone"},"content":{"rendered":"\n<h3 class=\"wp-block-heading\"><strong>Colofone<\/strong><\/h3>\n\n\n\n<p>Grumserhof, Labers 57<br>39012 Merano<br>Alto Adige \/ Italia<\/p>\n\n\n\n<p>Tel.: 0039 0473 231454<br>Tel.: 0039 0473 234978<\/p>\n\n\n\n<p>Mobile: 0039 347 7489684<\/p>\n\n\n\n<p>Mail: info@grumserhof.com<\/p>\n\n\n\n<hr class=\"wp-block-separator\"\/>\n\n\n\n<figure class=\"wp-block-image size-large is-resized\"><a href=\"https:\/\/www.bookingaltoadige.com\/?_ga=2.55452267.1704128186.1624195253-249813409.1624195253\" target=\"_blank\" rel=\"noopener\"><img decoding=\"async\" src=\"https:\/\/www.grumserhof.com\/wordpress\/wp-content\/uploads\/2021\/06\/0001-2-1400x416.jpg\" alt=\"\" class=\"wp-image-3224\" width=\"140\" srcset=\"https:\/\/www.grumserhof.com\/wordpress\/wp-content\/uploads\/2021\/06\/0001-2-1400x416.jpg 1400w, https:\/\/www.grumserhof.com\/wordpress\/wp-content\/uploads\/2021\/06\/0001-2-300x89.jpg 300w, https:\/\/www.grumserhof.com\/wordpress\/wp-content\/uploads\/2021\/06\/0001-2-768x228.jpg 768w, https:\/\/www.grumserhof.com\/wordpress\/wp-content\/uploads\/2021\/06\/0001-2-1536x456.jpg 1536w, https:\/\/www.grumserhof.com\/wordpress\/wp-content\/uploads\/2021\/06\/0001-2-2048x608.jpg 2048w\" sizes=\"(max-width: 1400px) 100vw, 1400px\" \/><\/a><\/figure>\n\n\n\n<hr class=\"wp-block-separator\"\/>\n\n\n\n<p><strong>Dichiarazione di tutela dei dati<\/strong><br>La tutela dei suoi dati personali \u00e8 per noi particolarmente importante. Trattiamo pertanto i suoi dati esclusivamente sulla base delle disposizioni di legge (GDPR, TKG 2003). Con la presente informativa desideriamo illustrarle i principali aspetti relativi al trattamento dei dati nell&#8217;ambito del nostro sito web.<\/p>\n\n\n\n<p><strong>Presa di contatto<\/strong><br>Se lei ci contatta mediante modulo sul nostro sito web oppure per e-mail, i dati da lei indicati saranno salvati a fini di trattamento della richiesta e in caso di domande complementari. Questi dati non saranno inoltrati senza il suo consenso.<\/p>\n\n\n\n<p><strong>Cookie<\/strong><br>Il nostro sito web utilizza i cosiddetti cookie e la funzionalit\u00e0 di storage. Si tratta di informazioni salvate sul suo terminale con l&#8217;ausilio del browser. I cookie non causano alcun danno al suo terminale.<br>Questi dati vengono da noi utilizzati per rendere pi\u00f9 user-friendly la nostra offerta. Alcuni di essi rimangono sul terminale fino a quando non vengono da lei cancellati. Questi cookie ci consentono di riconoscere il suo browser alla visita successiva.<br>Se lei non desidera che i cookie vengano salvati sul suo terminale, pu\u00f2 configurare il suo browser in modo tale che lei venga informato sull&#8217;eventuale presenza dei cookie, consentendone il salvataggio sul suo terminale solo a seconda del caso.<br>Se si disattivano i cookie, la funzionalit\u00e0 di questo sito web pu\u00f2 essere limitata.<\/p>\n\n\n\n<p><strong>Social media<\/strong><br>Sul nostro sito web sono inseriti plug-in di Social media, ad esempio quelli di Facebook, Twitter, Instagram, YouTube. Tramite questi plug-in, i dati possono essere inoltrati a terzi. Noi non possiamo influire sui, n\u00e9 accedere ai cookie salvati sul suo terminale da Facebook, Twitter, ecc.<\/p>\n\n\n\n<p><strong>Analisi web<\/strong><br>Questo sito utilizza Google Analytics, un servizio di analisi dei dati web di Google Inc. (&#8220;Google&#8221;). Google Analytics utilizza i cookie. Le informazioni generate mediante l&#8217;utilizzo di questo sito da parte sua (compreso il relativo indirizzo IP) vengono inoltrate a un server di Google negli Stati Uniti, e l\u00ec salvate. Google utilizzer\u00e0 queste informazioni per valutare l&#8217;utilizzo del sito da parte sua, per redigere report sulle attivit\u00e0 del sito per il relativo gestore e per fornire a quest&#8217;ultimo altri servizi legati all&#8217;utilizzo del sito stesso e di Internet. Google potr\u00e0 anche inoltrare eventualmente queste informazioni a terzi, purch\u00e9 questo sia prescritto per legge oppure se detti terzi elaborano questi dati per conto di Google. In nessun caso Google collegher\u00e0 altri suoi dati al suo indirizzo IP. Con l&#8217;utilizzo del presente sito lei dichiara il proprio consenso al trattamento dei dati rilevati da parte di Google nelle modalit\u00e0 descritte in precedenza e per lo scopo precedentemente citato.<\/p>\n\n\n\n<p><strong>I suoi diritti<\/strong><br>In linea di massima lei possiede il diritto di informazione, rettifica, cancellazione, limitazione, trasferibilit\u00e0 dei dati, revoca e opposizione. Se lei ritiene che le modalit\u00e0 di trattamento dei suoi dati violino il diritto di tutela dei dati, oppure che i suoi diritti in tal senso siano stati violati in qualsiasi modo, potr\u00e0 denunciare queste fattispecie presso il Garante per la protezione dei dati personali. In Italia, questa \u00e8 l&#8217;autorit\u00e0 per la protezione dei dati (Garante per la Protezione dei Dati Personali, President: Antonello Soro, Piazza di Monte Citorio n. 121, I &#8211; 00186 Roma, Telefon: + 39 06 69 677.1, Telefax: + 39 06 69 677.785, E-Mail: garante@gpdp.it , Homepage: www.garanteprivacy.it ), che potr\u00e0 contattare utilizzando i seguenti dati:<\/p>\n\n\n\n<p>Informazione obbligatoria ai sensi del Regolamento UE n. 524\/2013 del Parlamento europeo e del Consiglio<br>Piattaforma per la risoluzione delle controversie online dei consumatori (ODR) della Commissione europea:<br><a href=\"http:\/\/ec.europa.eu\/consumers\/odr\/\" target=\"_blank\" rel=\"noopener noreferrer\">http:\/\/ec.europa.eu\/consumers\/odr\/<\/a><\/p>\n\n\n\n<p><strong>Grumser des Alber Peter<\/strong><br>Labers 57<br>39012 Merano<br>Tel.: +39 0473 231454<br>Mobile: +39 347 7489684<br>Mail: info@grumserhof.com<\/p>\n\n\n\n<h3 class=\"wp-block-heading\"><strong>Utilizzo di cookies<\/strong><\/h3>\n\n\n\n<p>Il presente sito internet impiega i cosiddetti \u201ccookies\u201d, ovvero piccoli file testuali che il server di un sito memorizza temporaneamente o in via definitiva sul browser, sul vostro computer o su un altro dispositivo, finalizzati alla semplificazione, integrazione o personalizzazione dell\u2019utilizzo delle pagine web.<\/p>\n\n\n\n<p>Accendendo al presente sito internet, vi dichiarate d\u2019accordo al trattamento dei vostri dati personali da parte di Google.<\/p>\n\n\n\n<p>Avete la possibilit\u00e0 di disattivare il salvataggio dei cookies attraverso il vostro browser o di cancellare i cookies gi\u00e0 memorizzati, tenendo presente che ci\u00f2 potrebbe comportare una limitazione delle funzionalit\u00e0, un rallentamento o l\u2019inutilizzabilit\u00e0 di alcune parti del sito internet.<\/p>\n\n\n\n<p>Per ulteriori informazioni sui cookies e sulle modalit\u00e0 di cancellazione, in base al tipo di browser impiegato, vi rimandiamo al seguente link: <a href=\"https:\/\/support.google.com\/accounts\/answer\/32050?hl=it\" target=\"_blank\" rel=\"noopener noreferrer\">support.google.com\/accounts\/answer\/32050<\/a><\/p>\n\n\n\n<p>Nostro sito impiega i seguenti cookies.<\/p>\n\n\n\n<p>1. <strong>Cookies assolutamente necessari<\/strong>, grazie a cui il visitatore ha la possibilit\u00e0 di visualizzare la pagina web, utilizzare le funzioni del sito o ottenere l\u2019accesso ad aree di sicurezza o registrate. In caso di disattivazione di tali cookies, determinate parti del sito non potranno pi\u00f9 essere impiegate correttamente.<\/p>\n\n\n\n<p>2. <strong>Cookies funzionali<\/strong>, con cui nostro sito pu\u00f2 memorizzare le scelte e le preferenze degli utenti, per incrementare la facilit\u00e0 d\u2019uso del sito.<\/p>\n\n\n\n<p>3.<strong>Cookies per l\u2019analisi dell\u2019impiego<\/strong>, che raccolgono informazioni sull\u2019accesso al presente sito internet (compreso l\u2019indirizzo IP). Tali informazioni non hanno carattere personale e sono trasmesse a un server di Google negli USA, dove vengono memorizzate. Google utilizzer\u00e0 tali dati per la valutazione dell\u2019utilizzo del sito internet, la stesura di report sulle attivit\u00e0 del sito a beneficio dei gestori e per altri servizi collegati agli accessi alla pagina e all\u2019impiego d\u2019internet in generale.<\/p>\n\n\n\n<p>Google trasmetter\u00e0 tali informazioni a terzi, qualora ci\u00f2 sia previsto dalla legge ovvero se tali soggetti si occuperanno del trattamento dei dati per conto di Google. In nessun caso, l\u2019indirizzo IP sar\u00e0 messo in collegamento con altri dati di Google.<\/p>\n\n\n\n<p>4.<strong> Google Remarketing Cookies<\/strong>, finalizzati alla visualizzazione d\u2019inserzioni pubblicitarie personalizzate sulla rete di Google Advertising. La pubblicazione di tali inserzioni avverr\u00e0 sulla base delle precedenti visite al sito internet.<\/p>\n\n\n\n<p>5. <strong>Cookies per fini di marketing e targetizzazione:<\/strong> vengono utilizzati da terzi a scopi pubblicitari. Non vengono processati dati personali, ma viene comunque creato un collegamento con il vostro computer o dispositivo, in modo da poter seguire le informazioni salvate.<\/p>\n","protected":false},"excerpt":{"rendered":"<p>Colofone Grumserhof, Labers 5739012 MeranoAlto Adige \/ Italia Tel.: 0039 0473 231454Tel.: 0039 0473 234978 Mobile: 0039 347 7489684 Mail: info@grumserhof.com Dichiarazione di tutela dei datiLa tutela dei suoi dati personali \u00e8 per noi particolarmente importante. Trattiamo pertanto i suoi dati esclusivamente sulla base delle disposizioni di legge (GDPR, TKG 2003). Con la presente informativa [&hellip;]<\/p>\n","protected":false},"author":1,"featured_media":0,"parent":0,"menu_order":0,"comment_status":"open","ping_status":"open","template":"","meta":{"_monsterinsights_skip_tracking":false,"_monsterinsights_sitenote_active":false,"_monsterinsights_sitenote_note":"","_monsterinsights_sitenote_category":0,"_uf_show_specific_survey":0,"_uf_disable_surveys":false,"footnotes":""},"class_list":["post-792","page","type-page","status-publish","hentry"],"aioseo_notices":[],"_links":{"self":[{"href":"https:\/\/www.grumserhof.com\/it\/wp-json\/wp\/v2\/pages\/792\/"}],"collection":[{"href":"https:\/\/www.grumserhof.com\/it\/wp-json\/wp\/v2\/pages\/"}],"about":[{"href":"https:\/\/www.grumserhof.com\/it\/wp-json\/wp\/v2\/types\/page\/"}],"author":[{"embeddable":true,"href":"https:\/\/www.grumserhof.com\/it\/wp-json\/wp\/v2\/users\/1\/"}],"replies":[{"embeddable":true,"href":"https:\/\/www.grumserhof.com\/it\/wp-json\/wp\/v2\/comments\/?post=792"}],"version-history":[{"count":10,"href":"https:\/\/www.grumserhof.com\/it\/wp-json\/wp\/v2\/pages\/792\/revisions\/"}],"predecessor-version":[{"id":3227,"href":"https:\/\/www.grumserhof.com\/it\/wp-json\/wp\/v2\/pages\/792\/revisions\/3227\/"}],"wp:attachment":[{"href":"https:\/\/www.grumserhof.com\/it\/wp-json\/wp\/v2\/media\/?parent=792"}],"curies":[{"name":"wp","href":"https:\/\/api.w.org\/{rel}","templated":true}]}}