{"id":117,"date":"2013-12-13T18:13:17","date_gmt":"2013-12-13T16:13:17","guid":{"rendered":"http:\/\/www.grumserhof.com.dd23124.kasserver.com\/wordpress\/?page_id=117"},"modified":"2020-02-11T11:28:59","modified_gmt":"2020-02-11T09:28:59","slug":"attivita","status":"publish","type":"page","link":"https:\/\/www.grumserhof.com\/it\/attivita\/","title":{"rendered":"Attivit\u00e0"},"content":{"rendered":"\n<h1 class=\"wp-block-heading\"><strong>Merano e dintorni \u2013 vivere attivamente la natura!<\/strong><\/h1>\n\n\n\n<p>ESCURSIONI IN MONTAGNA, ALPINISMO, ARRAMPICATA, PARAPENDIO, EQUITAZIONE, JOGGING, NUOTO, NORDIC WALKING, MOUNTAIN BIKING e molt\u2018altro\u2026 \u00c8 difficile trovare un posto in Alto Adige che offre una tale variet\u00e0 di attivit\u00e0 per il tempo libero. L\u2018area vacanze Merano e dintorni soddisfa le esigenze di tutti \u2013 da chi ama fare una passeggiata tranquilla ad alpinisti professionali. Saremo lieti di darvi suggerimenti per escursioni in montagna.<\/p>\n\n\n\n<p><a href=\"https:\/\/www.merano-suedtirol.it\/it\/da-scoprire\/temi-di-viaggio\/vacanze-in-montagna.html\" target=\"_blank\" rel=\"noreferrer noopener\" aria-label=\"Vacanze all'insegna dell'attivit\u00e0 in Alto Adige - Merano e dintorni  (\u00f6ffnet in neuem Tab)\">Vacanze all&#8217;insegna dell&#8217;attivit\u00e0 in Alto Adige &#8211; Merano e dintorni <\/a><\/p>\n\n\n\n<p>Alcuni ospiti invece preferiscono sedersi sul balcone o cercare un posto tranquillo per godere della natura stupenda con tutti i sensi.<\/p>\n\n\n\n<hr class=\"wp-block-separator\"\/>\n\n\n\n<h3 class=\"wp-block-heading\"><strong>Gite ed escursioni&nbsp; in montagna guidate<\/strong><\/h3>\n\n\n\n<p>Su richiesta accompagniamo i nostri ospiti settimanalmente a gite ed escursioni in montagna.<\/p>\n\n\n\n<figure class=\"wp-block-image\"><img loading=\"lazy\" decoding=\"async\" width=\"1400\" height=\"1050\" src=\"http:\/\/www.grumserhof.com\/wordpress\/wp-content\/uploads\/2016\/04\/P6250733-1400x1050.jpg\" alt=\"\" class=\"wp-image-2253\" srcset=\"https:\/\/www.grumserhof.com\/wordpress\/wp-content\/uploads\/2016\/04\/P6250733-1400x1050.jpg 1400w, https:\/\/www.grumserhof.com\/wordpress\/wp-content\/uploads\/2016\/04\/P6250733-300x225.jpg 300w, https:\/\/www.grumserhof.com\/wordpress\/wp-content\/uploads\/2016\/04\/P6250733-768x576.jpg 768w\" sizes=\"auto, (max-width: 1400px) 100vw, 1400px\" \/><\/figure>\n\n\n\n<figure class=\"wp-block-image\"><img loading=\"lazy\" decoding=\"async\" width=\"1400\" height=\"1050\" src=\"http:\/\/www.grumserhof.com\/wordpress\/wp-content\/uploads\/2016\/04\/P9120944-1400x1050.jpg\" alt=\"\" class=\"wp-image-2255\" srcset=\"https:\/\/www.grumserhof.com\/wordpress\/wp-content\/uploads\/2016\/04\/P9120944-1400x1050.jpg 1400w, https:\/\/www.grumserhof.com\/wordpress\/wp-content\/uploads\/2016\/04\/P9120944-300x225.jpg 300w, https:\/\/www.grumserhof.com\/wordpress\/wp-content\/uploads\/2016\/04\/P9120944-768x576.jpg 768w\" sizes=\"auto, (max-width: 1400px) 100vw, 1400px\" \/><\/figure>\n\n\n\n<hr class=\"wp-block-separator\"\/>\n\n\n\n<h3 class=\"wp-block-heading\"><strong>Serate di bowling<\/strong><\/h3>\n\n\n\n<p>Non soltanto in caso di brutto tempo si propone una partita di birilli sulla nostra pista da bowling folcloristica. Nei mesi estivi invitiamo i nostri ospiti a &#8220;serate di bowling&#8221;.<\/p>\n\n\n\n<figure class=\"wp-block-image\"><img loading=\"lazy\" decoding=\"async\" width=\"1400\" height=\"932\" src=\"http:\/\/www.grumserhof.com\/wordpress\/wp-content\/uploads\/2016\/04\/DSC01112-1400x932.jpg\" alt=\"\" class=\"wp-image-2259\" srcset=\"https:\/\/www.grumserhof.com\/wordpress\/wp-content\/uploads\/2016\/04\/DSC01112-1400x932.jpg 1400w, https:\/\/www.grumserhof.com\/wordpress\/wp-content\/uploads\/2016\/04\/DSC01112-300x200.jpg 300w, https:\/\/www.grumserhof.com\/wordpress\/wp-content\/uploads\/2016\/04\/DSC01112-768x511.jpg 768w, https:\/\/www.grumserhof.com\/wordpress\/wp-content\/uploads\/2016\/04\/DSC01112-335x223.jpg 335w\" sizes=\"auto, (max-width: 1400px) 100vw, 1400px\" \/><\/figure>\n","protected":false},"excerpt":{"rendered":"<p>Merano e dintorni \u2013 vivere attivamente la natura! ESCURSIONI IN MONTAGNA, ALPINISMO, ARRAMPICATA, PARAPENDIO, EQUITAZIONE, JOGGING, NUOTO, NORDIC WALKING, MOUNTAIN BIKING e molt\u2018altro\u2026 \u00c8 difficile trovare un posto in Alto Adige che offre una tale variet\u00e0 di attivit\u00e0 per il tempo libero. L\u2018area vacanze Merano e dintorni soddisfa le esigenze di tutti \u2013 da chi [&hellip;]<\/p>\n","protected":false},"author":1,"featured_media":0,"parent":0,"menu_order":0,"comment_status":"open","ping_status":"open","template":"","meta":{"_monsterinsights_skip_tracking":false,"_monsterinsights_sitenote_active":false,"_monsterinsights_sitenote_note":"","_monsterinsights_sitenote_category":0,"_uf_show_specific_survey":0,"_uf_disable_surveys":false,"footnotes":""},"class_list":["post-117","page","type-page","status-publish","hentry"],"aioseo_notices":[],"_links":{"self":[{"href":"https:\/\/www.grumserhof.com\/it\/wp-json\/wp\/v2\/pages\/117\/"}],"collection":[{"href":"https:\/\/www.grumserhof.com\/it\/wp-json\/wp\/v2\/pages\/"}],"about":[{"href":"https:\/\/www.grumserhof.com\/it\/wp-json\/wp\/v2\/types\/page\/"}],"author":[{"embeddable":true,"href":"https:\/\/www.grumserhof.com\/it\/wp-json\/wp\/v2\/users\/1\/"}],"replies":[{"embeddable":true,"href":"https:\/\/www.grumserhof.com\/it\/wp-json\/wp\/v2\/comments\/?post=117"}],"version-history":[{"count":42,"href":"https:\/\/www.grumserhof.com\/it\/wp-json\/wp\/v2\/pages\/117\/revisions\/"}],"predecessor-version":[{"id":2748,"href":"https:\/\/www.grumserhof.com\/it\/wp-json\/wp\/v2\/pages\/117\/revisions\/2748\/"}],"wp:attachment":[{"href":"https:\/\/www.grumserhof.com\/it\/wp-json\/wp\/v2\/media\/?parent=117"}],"curies":[{"name":"wp","href":"https:\/\/api.w.org\/{rel}","templated":true}]}}