{"id":1037,"date":"2016-04-04T11:36:03","date_gmt":"2016-04-04T09:36:03","guid":{"rendered":"http:\/\/www.grumserhof.com\/?page_id=1037"},"modified":"2021-07-15T20:06:16","modified_gmt":"2021-07-15T18:06:16","slug":"rilassamento-al-lago-2","status":"publish","type":"page","link":"https:\/\/www.grumserhof.com\/it\/rilassamento-al-lago-2\/","title":{"rendered":"Rilassamento al lago"},"content":{"rendered":"\n<p>L&#8217;acqua \u00e8 vita &#8211; senza cloro e senza additivi chimici.<\/p>\n\n\n\n<p>Cosa c&#8217;\u00e8 di pi\u00f9 bello di togliere i vestiti e tuffarsi in un lago in una calda giornata estiva? C&#8217;\u00e8 sempre qualcosa da osservare: gli uccelli che bevono o le libellule che svolazzano. La tranquillit\u00e0 nel bel mezzo del castagneto \u00e8 una vera meraviglia.<\/p>\n\n\n\n<figure class=\"wp-block-image size-large\"><img loading=\"lazy\" decoding=\"async\" width=\"1400\" height=\"868\" src=\"https:\/\/www.grumserhof.com\/wordpress\/wp-content\/uploads\/2021\/07\/Photo_6554045_DJI_445_pano_14365446_0_20217682838_photo_pano-2-1400x868.jpg\" alt=\"\" class=\"wp-image-3241\" srcset=\"https:\/\/www.grumserhof.com\/wordpress\/wp-content\/uploads\/2021\/07\/Photo_6554045_DJI_445_pano_14365446_0_20217682838_photo_pano-2-1400x868.jpg 1400w, https:\/\/www.grumserhof.com\/wordpress\/wp-content\/uploads\/2021\/07\/Photo_6554045_DJI_445_pano_14365446_0_20217682838_photo_pano-2-300x186.jpg 300w, https:\/\/www.grumserhof.com\/wordpress\/wp-content\/uploads\/2021\/07\/Photo_6554045_DJI_445_pano_14365446_0_20217682838_photo_pano-2-768x476.jpg 768w, https:\/\/www.grumserhof.com\/wordpress\/wp-content\/uploads\/2021\/07\/Photo_6554045_DJI_445_pano_14365446_0_20217682838_photo_pano-2-1536x953.jpg 1536w, https:\/\/www.grumserhof.com\/wordpress\/wp-content\/uploads\/2021\/07\/Photo_6554045_DJI_445_pano_14365446_0_20217682838_photo_pano-2-2048x1270.jpg 2048w\" sizes=\"auto, (max-width: 1400px) 100vw, 1400px\" \/><\/figure>\n\n\n\n<figure class=\"wp-block-video\"><video height=\"1080\" style=\"aspect-ratio: 1920 \/ 1080;\" width=\"1920\" controls src=\"https:\/\/www.grumserhof.com\/wordpress\/wp-content\/uploads\/2021\/07\/See-Video-2.mp4\"><\/video><\/figure>\n","protected":false},"excerpt":{"rendered":"<p>L&#8217;acqua \u00e8 vita &#8211; senza cloro e senza additivi chimici. Cosa c&#8217;\u00e8 di pi\u00f9 bello di togliere i vestiti e tuffarsi in un lago in una calda giornata estiva? C&#8217;\u00e8 sempre qualcosa da osservare: gli uccelli che bevono o le libellule che svolazzano. La tranquillit\u00e0 nel bel mezzo del castagneto \u00e8 una vera meraviglia.<\/p>\n","protected":false},"author":1,"featured_media":0,"parent":0,"menu_order":0,"comment_status":"closed","ping_status":"closed","template":"","meta":{"_monsterinsights_skip_tracking":false,"_monsterinsights_sitenote_active":false,"_monsterinsights_sitenote_note":"","_monsterinsights_sitenote_category":0,"_uf_show_specific_survey":0,"_uf_disable_surveys":false,"footnotes":""},"class_list":["post-1037","page","type-page","status-publish","hentry"],"aioseo_notices":[],"_links":{"self":[{"href":"https:\/\/www.grumserhof.com\/it\/wp-json\/wp\/v2\/pages\/1037\/"}],"collection":[{"href":"https:\/\/www.grumserhof.com\/it\/wp-json\/wp\/v2\/pages\/"}],"about":[{"href":"https:\/\/www.grumserhof.com\/it\/wp-json\/wp\/v2\/types\/page\/"}],"author":[{"embeddable":true,"href":"https:\/\/www.grumserhof.com\/it\/wp-json\/wp\/v2\/users\/1\/"}],"replies":[{"embeddable":true,"href":"https:\/\/www.grumserhof.com\/it\/wp-json\/wp\/v2\/comments\/?post=1037"}],"version-history":[{"count":4,"href":"https:\/\/www.grumserhof.com\/it\/wp-json\/wp\/v2\/pages\/1037\/revisions\/"}],"predecessor-version":[{"id":3261,"href":"https:\/\/www.grumserhof.com\/it\/wp-json\/wp\/v2\/pages\/1037\/revisions\/3261\/"}],"wp:attachment":[{"href":"https:\/\/www.grumserhof.com\/it\/wp-json\/wp\/v2\/media\/?parent=1037"}],"curies":[{"name":"wp","href":"https:\/\/api.w.org\/{rel}","templated":true}]}}